{"id":1071,"date":"2024-07-14T03:35:52","date_gmt":"2024-07-14T01:35:52","guid":{"rendered":"https:\/\/congresoalapac2024.com\/?page_id=1071"},"modified":"2026-04-29T17:21:00","modified_gmt":"2026-04-29T15:21:00","slug":"carta","status":"publish","type":"page","link":"https:\/\/patologiaclinica.pe\/congreso\/carta\/","title":{"rendered":"Carta"},"content":{"rendered":"\t\t<div data-elementor-type=\"wp-page\" data-elementor-id=\"1071\" class=\"elementor elementor-1071\" data-elementor-post-type=\"page\">\n\t\t\t\t<div class=\"elementor-element elementor-element-5b45a6d e-flex e-con-boxed e-con e-parent\" data-id=\"5b45a6d\" data-element_type=\"container\" data-settings=\"{&quot;ekit_has_onepagescroll_dot&quot;:&quot;yes&quot;}\">\n\t\t\t\t\t<div class=\"e-con-inner\">\n\t\t\t\t<div class=\"elementor-element elementor-element-d16b04a elementor-widget elementor-widget-heading\" data-id=\"d16b04a\" data-element_type=\"widget\" data-settings=\"{&quot;ekit_we_effect_on&quot;:&quot;none&quot;}\" data-widget_type=\"heading.default\">\n\t\t\t\t<div class=\"elementor-widget-container\">\n\t\t\t\t\t<h2 class=\"elementor-heading-title elementor-size-default\">Solicitar Carta<\/h2>\t\t\t\t<\/div>\n\t\t\t\t<\/div>\n\t\t\t\t<div class=\"elementor-element elementor-element-95a356d elementor-widget elementor-widget-text-editor\" data-id=\"95a356d\" data-element_type=\"widget\" data-settings=\"{&quot;ekit_we_effect_on&quot;:&quot;none&quot;}\" data-widget_type=\"text-editor.default\">\n\t\t\t\t<div class=\"elementor-widget-container\">\n\t\t\t\t\t\t\t\t\t<p>Todas las cartas de invitaci\u00f3n de la Asociaci\u00f3n M\u00e9dica peruana de Patolog\u00eda Cl\u00ednica, tienen como prop\u00f3sito invitar a los asistentes que planean participar y asistir al&nbsp;<span style=\"font-style: inherit; font-weight: inherit; letter-spacing: 0.68px;\">V CONGRESO INTERNACIONAL PERUANO DE PATOLOG\u00cdA CL\u00cdNICA Y MEDICINA DE LABORATORIO &#8211; XII CONGRESO PERUANO DE PATOLOG\u00cdA CL\u00cdNICA.<\/span><\/p><section dir=\"auto\" data-turn-id=\"request-WEB:fd36928e-d96b-4f29-a1f0-e7dc1792d564-0\" data-testid=\"conversation-turn-2\" data-scroll-anchor=\"false\" data-turn=\"assistant\"><div><div><div><\/div><div><div><\/div><\/div><\/div><\/div><\/section><div aria-hidden=\"true\"><\/div>\n<p>Debe proporcionar la siguiente informaci\u00f3n, para obtener una carta de invitaci\u00f3n:<\/p>\n<ul>\n<li>Nombre y apellidos completos<\/li>\n<li>Profesi\u00f3n<\/li>\n<li>Nombre de su centro de labores<\/li>\n<li>Direcci\u00f3n<\/li>\n<li>Ciudad donde labora<\/li>\n<li>Pais<\/li>\n<\/ul>\n<p><a href=\"https:\/\/patologiaclinica.pe\/congreso\/generador\/\"><strong>Haga clic aqu\u00ed<\/strong><\/a> para solicitar una carta de invitaci\u00f3n. Podr\u00e1 imprimir un archivo en pdf de su carta de invitaci\u00f3n. En algunos casos, las oficinas de visas no aceptar\u00e1n cartas de invitaci\u00f3n transmitidas electr\u00f3nicamente. Si necesita un documento diferente coordinar al operador log\u00edstico en el horario de lunes a viernes de 10:00 a 16:00 horas (+51 940 528 159)<\/p>\n<p><a href=\"https:\/\/patologiaclinica.pe\/congreso\/generador\/\">Haga clic aqu\u00ed para solicitar una carta de invitaci\u00f3n<\/a><\/p>\t\t\t\t\t\t\t\t<\/div>\n\t\t\t\t<\/div>\n\t\t\t\t\t<\/div>\n\t\t\t\t<\/div>\n\t\t\t\t<\/div>\n\t\t","protected":false},"excerpt":{"rendered":"<p>Solicitar Carta Todas las cartas de invitaci\u00f3n de la Asociaci\u00f3n M\u00e9dica peruana de Patolog\u00eda Cl\u00ednica, tienen como prop\u00f3sito invitar a [&hellip;]<\/p>\n","protected":false},"author":1,"featured_media":0,"parent":0,"menu_order":0,"comment_status":"closed","ping_status":"closed","template":"","meta":{"_acf_changed":false,"site-sidebar-layout":"no-sidebar","site-content-layout":"","ast-site-content-layout":"full-width-container","site-content-style":"default","site-sidebar-style":"default","ast-global-header-display":"","ast-banner-title-visibility":"","ast-main-header-display":"","ast-hfb-above-header-display":"","ast-hfb-below-header-display":"","ast-hfb-mobile-header-display":"","site-post-title":"disabled","ast-breadcrumbs-content":"","ast-featured-img":"disabled","footer-sml-layout":"","theme-transparent-header-meta":"","adv-header-id-meta":"","stick-header-meta":"","header-above-stick-meta":"","header-main-stick-meta":"","header-below-stick-meta":"","astra-migrate-meta-layouts":"default","ast-page-background-enabled":"default","ast-page-background-meta":{"desktop":{"background-color":"var(--ast-global-color-4)","background-image":"","background-repeat":"repeat","background-position":"center center","background-size":"auto","background-attachment":"scroll","background-type":"","background-media":"","overlay-type":"","overlay-color":"","overlay-gradient":""},"tablet":{"background-color":"","background-image":"","background-repeat":"repeat","background-position":"center center","background-size":"auto","background-attachment":"scroll","background-type":"","background-media":"","overlay-type":"","overlay-color":"","overlay-gradient":""},"mobile":{"background-color":"","background-image":"","background-repeat":"repeat","background-position":"center center","background-size":"auto","background-attachment":"scroll","background-type":"","background-media":"","overlay-type":"","overlay-color":"","overlay-gradient":""}},"ast-content-background-meta":{"desktop":{"background-color":"var(--ast-global-color-5)","background-image":"","background-repeat":"repeat","background-position":"center center","background-size":"auto","background-attachment":"scroll","background-type":"","background-media":"","overlay-type":"","overlay-color":"","overlay-gradient":""},"tablet":{"background-color":"var(--ast-global-color-5)","background-image":"","background-repeat":"repeat","background-position":"center center","background-size":"auto","background-attachment":"scroll","background-type":"","background-media":"","overlay-type":"","overlay-color":"","overlay-gradient":""},"mobile":{"background-color":"var(--ast-global-color-5)","background-image":"","background-repeat":"repeat","background-position":"center center","background-size":"auto","background-attachment":"scroll","background-type":"","background-media":"","overlay-type":"","overlay-color":"","overlay-gradient":""}},"footnotes":""},"class_list":["post-1071","page","type-page","status-publish","hentry"],"acf":[],"_links":{"self":[{"href":"https:\/\/patologiaclinica.pe\/congreso\/wp-json\/wp\/v2\/pages\/1071","targetHints":{"allow":["GET"]}}],"collection":[{"href":"https:\/\/patologiaclinica.pe\/congreso\/wp-json\/wp\/v2\/pages"}],"about":[{"href":"https:\/\/patologiaclinica.pe\/congreso\/wp-json\/wp\/v2\/types\/page"}],"author":[{"embeddable":true,"href":"https:\/\/patologiaclinica.pe\/congreso\/wp-json\/wp\/v2\/users\/1"}],"replies":[{"embeddable":true,"href":"https:\/\/patologiaclinica.pe\/congreso\/wp-json\/wp\/v2\/comments?post=1071"}],"version-history":[{"count":41,"href":"https:\/\/patologiaclinica.pe\/congreso\/wp-json\/wp\/v2\/pages\/1071\/revisions"}],"predecessor-version":[{"id":3574,"href":"https:\/\/patologiaclinica.pe\/congreso\/wp-json\/wp\/v2\/pages\/1071\/revisions\/3574"}],"wp:attachment":[{"href":"https:\/\/patologiaclinica.pe\/congreso\/wp-json\/wp\/v2\/media?parent=1071"}],"curies":[{"name":"wp","href":"https:\/\/api.w.org\/{rel}","templated":true}]}}